{"id":5894,"date":"2022-05-23T00:29:26","date_gmt":"2022-05-22T22:29:26","guid":{"rendered":"https:\/\/rentalsdubrovnik.com\/?page_id=5894"},"modified":"2023-04-17T20:19:55","modified_gmt":"2023-04-17T18:19:55","slug":"frequently-asked-questions-faq","status":"publish","type":"page","link":"https:\/\/rentalsdubrovnik.com\/hr\/frequently-asked-questions-faq\/","title":{"rendered":"\u010cESTO POSTAVLJANA PITANJA (FAQ)"},"content":{"rendered":"<div class=\"hr\"><strong>POSTOJI GRE\u0160KA NA POTVRDNOM VAU\u010cERU KOJEM DOBIJEM NA E-MAIL. \u0160TO DA NAPRAVIM?<\/strong><\/div>\n<div class=\"post-content mt20 clearfix\">\n<section class=\"kc-elm kc-css-428035 kc_row\">\n<div class=\"kc-row-container kc-container\">\n<div class=\"kc-wrap-columns\">\n<div class=\"kc-elm kc-css-829195 kc_col-sm-12 kc_column kc_col-sm-12\">\n<div class=\"kc-col-container\">\n<div class=\"kc-elm kc-css-151462 kc_text_block\">\n<p>Uo\u010dite li bilo kakvu pogre\u0161ku na Va\u0161em voucheru za potvrdu molimo da nas odmah kontaktirate putem e-maila: info@rentalsdubrovnik.com ili telefonom: +385 20 416 163, +385 95 756 8457.<\/p>\n<p><strong>KAKO MOGU PROMIJENITI DATUME SVOG BORAVKA?<\/strong><\/p>\n<p>Ukoliko \u017eelite promijeniti datume Va\u0161eg boravka potrebno je da nas kontaktirate pisanim putem na e-mail: info@rentalsdubrovnik.com. Molimo, pripremite potvrdni voucher koji dobijete na e-mail tijekom procesa rezervacije, morat \u0107ete nam dati podatke s vouchera.<\/p>\n<p><strong>JESU LI MOJI OSOBNI PODACI ZA\u0160TI\u0106ENI?<\/strong><\/p>\n<p>Preuzimamo punu odgovornost za osiguravanje odgovaraju\u0107ih sigurnosnih mjera za za\u0161titu va\u0161ih podataka. Kada napravite rezervaciju ili kupite uslugu na na\u0161em web-mjestu, pristajete na kori\u0161tenje i otkrivanje tih informacija kako bismo mogli obraditi va\u0161u rezervaciju koja \u0107e uklju\u010divati informacije koje se proslje\u0111uju na\u0161im dobavlja\u010dima tre\u0107im stranama (kao \u0161to su iznajmljiva\u010di, hotelijeri, izleti i transferi) davatelji itd.).<\/p>\n<p><strong>KOJE NA\u010cINE PLA\u0106ANJA PRIHVATATE?<\/strong><\/p>\n<p>Sve rezervacije i kupnje usluga putem ove web stranice pla\u0107aju se online kreditnom ili debitnom karticom. Prihva\u0107amo Mastercard, Visa, American Express.<\/p>\n<p><strong>\u0160TO AKO \u017dELIM OTKAZATI SVOJU REZERVACIJU?<\/strong><\/p>\n<p>Sva otkazivanja moraju biti u pisanom obliku. Ne mo\u017eemo prihvatiti usmena otkazivanja. Tro\u0161kovi otkazivanja istaknuti su u pravilima otkazivanja svake usluge.<\/p>\n<p><b>KAKO ZNAM DA JE MOJA REZERVACIJA USPJE\u0160NA?<\/b><\/p>\n<p>Nekoliko minuta nakon \u0161to rezervirate smje\u0161taj ili uslugu na na\u0161oj web stranici dobit \u0107ete potvrdni voucher sa svim va\u017enim detaljima. Ukoliko za nekoliko sati ne dobijete voucher molimo po\u0161aljite nam e-mail na: info@rentalsdubrovnik.com.<\/p>\n<p><strong>KOJE USLUGE UKLJU\u010cUJETE?<\/strong><\/p>\n<p>Mo\u017eemo uklju\u010diti sve usluge povezane s putovanjem u va\u0161 paket ovisno o tome \u0161to \u017eelite i o\u010dekujete da organiziramo za vas. Ovo su neke od usluga koje mo\u017eemo organizirati za vas (rezervacija boravka u privatnom smje\u0161taju ili hotelu, privatni prijevoz, pje\u0161a\u010dke ture, cjelodnevne ture u susjednim zemljama, medicinske usluge, itd.). Nastojat \u0107emo ispuniti va\u0161e \u017eelje i \u017eelje.<\/p>\n<\/div>\n<\/div>\n<\/div>\n<\/div>\n<\/div>\n<\/section>\n<\/div>","protected":false},"excerpt":{"rendered":"<p>THERE IS A MISTAKE ON THE CONFIRMATION VOUCHER I GET ON E-MAIL. WHAT SHOULD I DO? If you see any mistake on your confirmation voucher please contact us immediately by email: info@rentalsdubrovnik.com or by phone: +385 20 416 163, +385 95 756 8457. HOW DO I CHANGE THE DATES OF MY STAY? If you wish [&hellip;]<\/p>\n","protected":false},"author":3,"featured_media":0,"parent":0,"menu_order":0,"comment_status":"closed","ping_status":"closed","template":"","meta":{"footnotes":""},"class_list":["post-5894","page","type-page","status-publish","hentry"],"yoast_head":"<!-- This site is optimized with the Yoast SEO plugin v27.4 - https:\/\/yoast.com\/product\/yoast-seo-wordpress\/ -->\n<title>FREQUENTLY ASKED QUESTIONS (FAQ) - Rentals Dubrovnik d.o.o.<\/title>\n<meta name=\"description\" content=\"Rentals Dubrovnik d.o.o. is prepared some FREQUENTLY ASKED QUESTIONS (FAQ) so u can find answers to some questions.\" \/>\n<meta name=\"robots\" content=\"index, follow, max-snippet:-1, max-image-preview:large, max-video-preview:-1\" \/>\n<link rel=\"canonical\" href=\"https:\/\/rentalsdubrovnik.com\/hr\/frequently-asked-questions-faq\/\" \/>\n<meta property=\"og:locale\" content=\"hr_HR\" \/>\n<meta property=\"og:type\" content=\"article\" \/>\n<meta property=\"og:title\" content=\"FREQUENTLY ASKED QUESTIONS (FAQ) - Rentals Dubrovnik d.o.o.\" \/>\n<meta property=\"og:description\" content=\"Rentals Dubrovnik d.o.o. is prepared some FREQUENTLY ASKED QUESTIONS (FAQ) so u can find answers to some questions.\" \/>\n<meta property=\"og:url\" content=\"https:\/\/rentalsdubrovnik.com\/hr\/frequently-asked-questions-faq\/\" \/>\n<meta property=\"og:site_name\" content=\"Rentals Dubrovnik d.o.o.\" \/>\n<meta property=\"article:publisher\" content=\"https:\/\/www.facebook.com\/rentalsdubrovnik\/\" \/>\n<meta property=\"article:modified_time\" content=\"2023-04-17T18:19:55+00:00\" \/>\n<meta property=\"og:image\" content=\"https:\/\/rentalsdubrovnik.com\/wp-content\/uploads\/2022\/08\/Rentals-zlatni-e1669948181468.png\" \/>\n\t<meta property=\"og:image:width\" content=\"200\" \/>\n\t<meta property=\"og:image:height\" content=\"200\" \/>\n\t<meta property=\"og:image:type\" content=\"image\/png\" \/>\n<meta name=\"twitter:card\" content=\"summary_large_image\" \/>\n<meta name=\"twitter:label1\" content=\"Procijenjeno vrijeme \u010ditanja\" \/>\n\t<meta name=\"twitter:data1\" content=\"2 minute\" \/>\n<script type=\"application\/ld+json\" class=\"yoast-schema-graph\">{\"@context\":\"https:\\\/\\\/schema.org\",\"@graph\":[{\"@type\":\"WebPage\",\"@id\":\"https:\\\/\\\/rentalsdubrovnik.com\\\/frequently-asked-questions-faq\\\/\",\"url\":\"https:\\\/\\\/rentalsdubrovnik.com\\\/frequently-asked-questions-faq\\\/\",\"name\":\"FREQUENTLY ASKED QUESTIONS (FAQ) - Rentals Dubrovnik d.o.o.\",\"isPartOf\":{\"@id\":\"https:\\\/\\\/rentalsdubrovnik.com\\\/#website\"},\"datePublished\":\"2022-05-22T22:29:26+00:00\",\"dateModified\":\"2023-04-17T18:19:55+00:00\",\"description\":\"Rentals Dubrovnik d.o.o. is prepared some FREQUENTLY ASKED QUESTIONS (FAQ) so u can find answers to some questions.\",\"breadcrumb\":{\"@id\":\"https:\\\/\\\/rentalsdubrovnik.com\\\/frequently-asked-questions-faq\\\/#breadcrumb\"},\"inLanguage\":\"hr\",\"potentialAction\":[{\"@type\":\"ReadAction\",\"target\":[\"https:\\\/\\\/rentalsdubrovnik.com\\\/frequently-asked-questions-faq\\\/\"]}]},{\"@type\":\"BreadcrumbList\",\"@id\":\"https:\\\/\\\/rentalsdubrovnik.com\\\/frequently-asked-questions-faq\\\/#breadcrumb\",\"itemListElement\":[{\"@type\":\"ListItem\",\"position\":1,\"name\":\"Home\",\"item\":\"https:\\\/\\\/rentalsdubrovnik.com\\\/\"},{\"@type\":\"ListItem\",\"position\":2,\"name\":\"FREQUENTLY ASKED QUESTIONS (FAQ)\"}]},{\"@type\":\"WebSite\",\"@id\":\"https:\\\/\\\/rentalsdubrovnik.com\\\/#website\",\"url\":\"https:\\\/\\\/rentalsdubrovnik.com\\\/\",\"name\":\"Rentals Dubrovnik d.o.o.\",\"description\":\"Property management | Booking | Car rental | Boat rental | Check in - Check out | Cleaning | Tours in Croatia, Montenegro and Bosnia and Herzegovina |\",\"publisher\":{\"@id\":\"https:\\\/\\\/rentalsdubrovnik.com\\\/#organization\"},\"potentialAction\":[{\"@type\":\"SearchAction\",\"target\":{\"@type\":\"EntryPoint\",\"urlTemplate\":\"https:\\\/\\\/rentalsdubrovnik.com\\\/?s={search_term_string}\"},\"query-input\":{\"@type\":\"PropertyValueSpecification\",\"valueRequired\":true,\"valueName\":\"search_term_string\"}}],\"inLanguage\":\"hr\"},{\"@type\":\"Organization\",\"@id\":\"https:\\\/\\\/rentalsdubrovnik.com\\\/#organization\",\"name\":\"Rentals Dubrovnik d.o.o.\",\"alternateName\":\"Dubrovnik Rentals\",\"url\":\"https:\\\/\\\/rentalsdubrovnik.com\\\/\",\"logo\":{\"@type\":\"ImageObject\",\"inLanguage\":\"hr\",\"@id\":\"https:\\\/\\\/rentalsdubrovnik.com\\\/#\\\/schema\\\/logo\\\/image\\\/\",\"url\":\"https:\\\/\\\/rentalsdubrovnik.com\\\/wp-content\\\/uploads\\\/2022\\\/05\\\/Rentals-zlatno-plavi.png\",\"contentUrl\":\"https:\\\/\\\/rentalsdubrovnik.com\\\/wp-content\\\/uploads\\\/2022\\\/05\\\/Rentals-zlatno-plavi.png\",\"width\":500,\"height\":193,\"caption\":\"Rentals Dubrovnik d.o.o.\"},\"image\":{\"@id\":\"https:\\\/\\\/rentalsdubrovnik.com\\\/#\\\/schema\\\/logo\\\/image\\\/\"},\"sameAs\":[\"https:\\\/\\\/www.facebook.com\\\/rentalsdubrovnik\\\/\",\"https:\\\/\\\/www.instagram.com\\\/rentalsdubrovnik\\\/?hl=en\"]}]}<\/script>\n<!-- \/ Yoast SEO plugin. -->","yoast_head_json":{"title":"FREQUENTLY ASKED QUESTIONS (FAQ) - Rentals Dubrovnik d.o.o.","description":"Rentals Dubrovnik d.o.o. is prepared some FREQUENTLY ASKED QUESTIONS (FAQ) so u can find answers to some questions.","robots":{"index":"index","follow":"follow","max-snippet":"max-snippet:-1","max-image-preview":"max-image-preview:large","max-video-preview":"max-video-preview:-1"},"canonical":"https:\/\/rentalsdubrovnik.com\/hr\/frequently-asked-questions-faq\/","og_locale":"hr_HR","og_type":"article","og_title":"FREQUENTLY ASKED QUESTIONS (FAQ) - Rentals Dubrovnik d.o.o.","og_description":"Rentals Dubrovnik d.o.o. is prepared some FREQUENTLY ASKED QUESTIONS (FAQ) so u can find answers to some questions.","og_url":"https:\/\/rentalsdubrovnik.com\/hr\/frequently-asked-questions-faq\/","og_site_name":"Rentals Dubrovnik d.o.o.","article_publisher":"https:\/\/www.facebook.com\/rentalsdubrovnik\/","article_modified_time":"2023-04-17T18:19:55+00:00","og_image":[{"width":200,"height":200,"url":"https:\/\/rentalsdubrovnik.com\/wp-content\/uploads\/2022\/08\/Rentals-zlatni-e1669948181468.png","type":"image\/png"}],"twitter_card":"summary_large_image","twitter_misc":{"Procijenjeno vrijeme \u010ditanja":"2 minute"},"schema":{"@context":"https:\/\/schema.org","@graph":[{"@type":"WebPage","@id":"https:\/\/rentalsdubrovnik.com\/frequently-asked-questions-faq\/","url":"https:\/\/rentalsdubrovnik.com\/frequently-asked-questions-faq\/","name":"FREQUENTLY ASKED QUESTIONS (FAQ) - Rentals Dubrovnik d.o.o.","isPartOf":{"@id":"https:\/\/rentalsdubrovnik.com\/#website"},"datePublished":"2022-05-22T22:29:26+00:00","dateModified":"2023-04-17T18:19:55+00:00","description":"Rentals Dubrovnik d.o.o. is prepared some FREQUENTLY ASKED QUESTIONS (FAQ) so u can find answers to some questions.","breadcrumb":{"@id":"https:\/\/rentalsdubrovnik.com\/frequently-asked-questions-faq\/#breadcrumb"},"inLanguage":"hr","potentialAction":[{"@type":"ReadAction","target":["https:\/\/rentalsdubrovnik.com\/frequently-asked-questions-faq\/"]}]},{"@type":"BreadcrumbList","@id":"https:\/\/rentalsdubrovnik.com\/frequently-asked-questions-faq\/#breadcrumb","itemListElement":[{"@type":"ListItem","position":1,"name":"Home","item":"https:\/\/rentalsdubrovnik.com\/"},{"@type":"ListItem","position":2,"name":"FREQUENTLY ASKED QUESTIONS (FAQ)"}]},{"@type":"WebSite","@id":"https:\/\/rentalsdubrovnik.com\/#website","url":"https:\/\/rentalsdubrovnik.com\/","name":"Rentals Dubrovnik d.o.o.","description":"Property management | Booking | Car rental | Boat rental | Check in - Check out | Cleaning | Tours in Croatia, Montenegro and Bosnia and Herzegovina |","publisher":{"@id":"https:\/\/rentalsdubrovnik.com\/#organization"},"potentialAction":[{"@type":"SearchAction","target":{"@type":"EntryPoint","urlTemplate":"https:\/\/rentalsdubrovnik.com\/?s={search_term_string}"},"query-input":{"@type":"PropertyValueSpecification","valueRequired":true,"valueName":"search_term_string"}}],"inLanguage":"hr"},{"@type":"Organization","@id":"https:\/\/rentalsdubrovnik.com\/#organization","name":"Rentals Dubrovnik d.o.o.","alternateName":"Dubrovnik Rentals","url":"https:\/\/rentalsdubrovnik.com\/","logo":{"@type":"ImageObject","inLanguage":"hr","@id":"https:\/\/rentalsdubrovnik.com\/#\/schema\/logo\/image\/","url":"https:\/\/rentalsdubrovnik.com\/wp-content\/uploads\/2022\/05\/Rentals-zlatno-plavi.png","contentUrl":"https:\/\/rentalsdubrovnik.com\/wp-content\/uploads\/2022\/05\/Rentals-zlatno-plavi.png","width":500,"height":193,"caption":"Rentals Dubrovnik d.o.o."},"image":{"@id":"https:\/\/rentalsdubrovnik.com\/#\/schema\/logo\/image\/"},"sameAs":["https:\/\/www.facebook.com\/rentalsdubrovnik\/","https:\/\/www.instagram.com\/rentalsdubrovnik\/?hl=en"]}]}},"_links":{"self":[{"href":"https:\/\/rentalsdubrovnik.com\/hr\/wp-json\/wp\/v2\/pages\/5894","targetHints":{"allow":["GET"]}}],"collection":[{"href":"https:\/\/rentalsdubrovnik.com\/hr\/wp-json\/wp\/v2\/pages"}],"about":[{"href":"https:\/\/rentalsdubrovnik.com\/hr\/wp-json\/wp\/v2\/types\/page"}],"author":[{"embeddable":true,"href":"https:\/\/rentalsdubrovnik.com\/hr\/wp-json\/wp\/v2\/users\/3"}],"replies":[{"embeddable":true,"href":"https:\/\/rentalsdubrovnik.com\/hr\/wp-json\/wp\/v2\/comments?post=5894"}],"version-history":[{"count":4,"href":"https:\/\/rentalsdubrovnik.com\/hr\/wp-json\/wp\/v2\/pages\/5894\/revisions"}],"predecessor-version":[{"id":10769,"href":"https:\/\/rentalsdubrovnik.com\/hr\/wp-json\/wp\/v2\/pages\/5894\/revisions\/10769"}],"wp:attachment":[{"href":"https:\/\/rentalsdubrovnik.com\/hr\/wp-json\/wp\/v2\/media?parent=5894"}],"curies":[{"name":"wp","href":"https:\/\/api.w.org\/{rel}","templated":true}]}}