{"id":5891,"date":"2022-05-23T00:25:20","date_gmt":"2022-05-22T22:25:20","guid":{"rendered":"https:\/\/rentalsdubrovnik.com\/?page_id=5891"},"modified":"2023-04-17T20:55:32","modified_gmt":"2023-04-17T18:55:32","slug":"terms-and-conditions","status":"publish","type":"page","link":"https:\/\/rentalsdubrovnik.com\/hr\/terms-and-conditions\/","title":{"rendered":"Odredbe i uvjeti"},"content":{"rendered":"<div class=\"kc-elm kc-css-373502 kc_text_block\">\n<h2><strong style=\"font-family: lato, sans-serif, arial; font-size: 16px;\">OP\u0106E INFORMACIJE:<\/strong><\/h2>\n<\/div>\n<div class=\"kc-elm kc-css-821706 kc_text_block\">\n<p>Rentals Dubrovnik d.o.o.<\/p>\n<p>Gornji kono 69a<\/p>\n<p>20 000 Dubrovnik<\/p>\n<p>Hrvatska<\/p>\n<p>PDV: HR29760106329<\/p>\n<p>KONTAKT:<\/p>\n<p>+385 95 756 8457<\/p>\n<p>+385 20 416 163<\/p>\n<p>info@rentalsdubrovnik.com<\/p>\n<p>Sljede\u0107i Uvjeti i odredbe primjenjuju se na sve rezervacije, kupnje, narud\u017ebe i postupke pla\u0107anja svih usluga prikazanih na ovoj stranici. Odvojite trenutak i pro\u010ditajte ih sve prije nego \u0161to rezervirate usluge.<\/p>\n<p>Op\u0107i uvjeti pru\u017eanja usluga dio su ugovora izme\u0111u\u00a0<strong>NAJAM DUBROVNIK doo, Gornji Kono 69a, 20 000 Dubrovnik, Hrvatska, PDV: HR29760106329<\/strong>\u00a0\u00a0kao putni\u010dka agencija i putnik koji prihva\u0107a ponudu aran\u017emana. Sve \u0161to je navedeno u op\u0107im uvjetima predstavlja pravnu obvezu putnika i\u00a0<strong>IZNAJMLJIVANJE DUBROVNIK doo<\/strong> Prilikom rezervacije putnik potvr\u0111uje da je ovla\u0161ten prihvatiti ove uvjete u svoje ime i u ime svih \u010dlanova grupe. Kori\u0161tenjem ove stranice sla\u017eete se s Uvjetima i odredbama.<\/p>\n<ol>\n<li><strong>PROCES REZERVACIJE<\/strong><\/li>\n<\/ol>\n<p>Putnik kupuje i rezervira usluge ispunjavanjem elektroni\u010dke narud\u017ebenice. Kupcem smatramo svaku osobu koja rezervira barem jednu uslugu, pru\u017ei tra\u017eene podatke i detalje te po\u0161alje narud\u017ebu putem web stranice. Sve cijene izra\u017eene su u eurima i kona\u010dne su. Cijene uklju\u010duju PDV (porez na dodanu vrijednost).<\/p>\n<p>Proces narud\u017ebe zapo\u010dinje kada putnik odabere uslugu na web stranici. Nakon toga potrebno je ispuniti obrazac sa svim tra\u017eenim podacima (ime, telefon, broj osoba, itd.). Putnik mora unijeti podatke o kreditnoj kartici kako bi zavr\u0161io proces rezervacije. Zatim \u0107e nakon nekoliko minuta na e-mail putnika do\u0107i potvrdni voucher sa svim detaljima o naru\u010denoj usluzi (datum i vrijeme usluge, polazi\u0161te, pru\u017eatelj usluge itd.). Ovaj vau\u010der slu\u017ei i kao ulaznica. Otkazivanje naru\u010dene usluge regulirano je uvjetima pojedine usluge. Organizator putovanja pru\u017ea usluge prema podacima objavljenim i va\u017ee\u0107im u trenutku kada je usluga potvr\u0111ena, te prema opisu, osim u okolnostima na koje ne mo\u017ee utjecati (kao \u0161to su bolest pru\u017eatelja usluge, pandemije, potresi, poplave, sanitarni uvjeti, itd.). po\u017eari, su\u0161e, ratovi, \u0161trajkovi, teroristi\u010dke akcije itd.).<\/p>\n<p>Odgovornost Rental Dubrovnik doo je ograni\u010dena. Ne\u0107emo prihvatiti nikakvu odgovornost u vezi s ka\u0161njenjima ili promjenama rasporeda, zadanim postavkama ili prevelikim brojem rezervacija smje\u0161taja, izletima i iskustvima, transferima, bole\u0161\u0107u, smr\u0107u, vremenskim promjenama i uvjetima, \u0161trajkovima, karantenom i drugim uzrocima izvan na\u0161e kontrole.<\/p>\n<p><strong>2. PODACI ZA PLA\u0106ANJE<\/strong><\/p>\n<p>Za usluge koje rezervirate putem ove web stranice pla\u0107ate online kreditnom\/debitnom karticom. Rentals Dubrovnik doo tereti putnikovu kreditnu\/debitnu karticu odmah nakon izvr\u0161ene transakcije.<\/p>\n<p>Kreditna\/debitna kartica tereti se u hrvatskim kunama (HRK), nacionalnoj valuti u Hrvatskoj. Iznos kojim se tereti kartica dobiva se konverzijom eura u hrvatske kune prema te\u010daju utvr\u0111enom za cjenik na dan kupnje usluge. Iznos koji se tereti na putnikovoj kreditnoj\/debitnoj kartici u hrvatskoj valuti bit \u0107e preveden u nacionalnu valutu putnika od strane karti\u010darske ku\u0107e primjenom va\u017ee\u0107e te\u010dajne liste zemlje putnika.<\/p>\n<p><strong>3. ZA\u0160TITA OSOBNIH PODATAKA<\/strong><\/p>\n<p>Rentals Dubrovnik doo se obvezuje \u010duvati osobne podatke putnika prikupljaju\u0107i samo osnovne podatke o putnicima. Putnik \u0107e biti obavije\u0161ten o na\u010dinu kori\u0161tenja prikupljenih podataka. Putniku \u0107e biti omogu\u0107ena mogu\u0107nost odabira kori\u0161tenja informacija, uklju\u010duju\u0107i mogu\u0107nost odabira da li \u017eeli da mu se \u0161alju marketin\u0161ke kampanje ili \u017eeli da njegovo ime uklonimo s popisa. Svi zaposlenici i partneri odgovorni su za po\u0161tivanje na\u010dela politike privatnosti.<\/p>\n<p><strong>4. PRIGOVORI<\/strong><\/p>\n<p>Pritu\u017ebe se podnose u pisanom obliku. Pisani prigovor putnik je du\u017ean podnijeti najkasnije 10 dana nakon izvr\u0161ene\/zavr\u0161ene usluge. Nakon isteka roka ne zaprimamo prigovore i nismo du\u017eni odgovoriti na prigovor. Iznajmljivanje Dubrovnik doo du\u017ean je donijeti odluku o prigovoru u roku od 15 dana od dana primitka prigovora. Prigovor putnik mo\u017ee poslati e-mailom ili na adresu:<\/p>\n<p>e-mail: info@rentalsdubrovnik.com<\/p>\n<p>Adresa: Iznajmljivanje Dubrovnik doo, Gornji kono 69a, 20 000 Dubrovnik, Hrvatska<\/p>\n<p><strong>5. PROMJENA ODREDBI I UVJETA<\/strong><\/p>\n<p>Zadr\u017eavamo pravo izmjene ovih Uvjeta bez prethodne najave, kako bismo pove\u0107ali kvalitetu web stranice i na\u0161e usluge. Za sve informacije o Uvjetima poslovanja obratite nam se na mail: info@rentalsdubrovnik.com ili na telefon: + 385 95 756 8457<\/p>\n<\/div>","protected":false},"excerpt":{"rendered":"<p>GENERAL INFORMATION: Rentals Dubrovnik d.o.o. Gornji kono 69a 20 000 Dubrovnik Croatia VAT: HR29760106329 CONTACT: +385 95 756 8457 +385 20 416 163 info@rentalsdubrovnik.com The following Terms&amp; Conditions apply to all bookings, purchases, orders, and payment procedures of all services shown on this page. Please take a moment to read all of them before making [&hellip;]<\/p>\n","protected":false},"author":3,"featured_media":0,"parent":0,"menu_order":0,"comment_status":"closed","ping_status":"closed","template":"","meta":{"footnotes":""},"class_list":["post-5891","page","type-page","status-publish","hentry"],"yoast_head":"<!-- This site is optimized with the Yoast SEO plugin v27.5 - https:\/\/yoast.com\/product\/yoast-seo-wordpress\/ -->\n<title>Terms &amp; Condition - Rentals Dubrovnik d.o.o.<\/title>\n<meta name=\"description\" content=\"The following Terms&amp; Conditions apply to all bookings, purchases, orders, and payment procedures of all services shown on this page.\" \/>\n<meta name=\"robots\" content=\"index, follow, max-snippet:-1, max-image-preview:large, max-video-preview:-1\" \/>\n<link rel=\"canonical\" href=\"https:\/\/rentalsdubrovnik.com\/hr\/terms-and-conditions\/\" \/>\n<meta property=\"og:locale\" content=\"hr_HR\" \/>\n<meta property=\"og:type\" content=\"article\" \/>\n<meta property=\"og:title\" content=\"Terms &amp; Condition - Rentals Dubrovnik d.o.o.\" \/>\n<meta property=\"og:description\" content=\"The following Terms&amp; Conditions apply to all bookings, purchases, orders, and payment procedures of all services shown on this page.\" \/>\n<meta property=\"og:url\" content=\"https:\/\/rentalsdubrovnik.com\/hr\/terms-and-conditions\/\" \/>\n<meta property=\"og:site_name\" content=\"Rentals Dubrovnik d.o.o.\" \/>\n<meta property=\"article:publisher\" content=\"https:\/\/www.facebook.com\/rentalsdubrovnik\/\" \/>\n<meta property=\"article:modified_time\" content=\"2023-04-17T18:55:32+00:00\" \/>\n<meta property=\"og:image\" content=\"https:\/\/rentalsdubrovnik.com\/wp-content\/uploads\/2022\/08\/Rentals-zlatni-e1669948181468.png\" \/>\n\t<meta property=\"og:image:width\" content=\"200\" \/>\n\t<meta property=\"og:image:height\" content=\"200\" \/>\n\t<meta property=\"og:image:type\" content=\"image\/png\" \/>\n<meta name=\"twitter:card\" content=\"summary_large_image\" \/>\n<meta name=\"twitter:label1\" content=\"Procijenjeno vrijeme \u010ditanja\" \/>\n\t<meta name=\"twitter:data1\" content=\"4 minute\" \/>\n<script type=\"application\/ld+json\" class=\"yoast-schema-graph\">{\"@context\":\"https:\\\/\\\/schema.org\",\"@graph\":[{\"@type\":\"WebPage\",\"@id\":\"https:\\\/\\\/rentalsdubrovnik.com\\\/terms-and-conditions\\\/\",\"url\":\"https:\\\/\\\/rentalsdubrovnik.com\\\/terms-and-conditions\\\/\",\"name\":\"Terms & Condition - Rentals Dubrovnik d.o.o.\",\"isPartOf\":{\"@id\":\"https:\\\/\\\/rentalsdubrovnik.com\\\/#website\"},\"datePublished\":\"2022-05-22T22:25:20+00:00\",\"dateModified\":\"2023-04-17T18:55:32+00:00\",\"description\":\"The following Terms& Conditions apply to all bookings, purchases, orders, and payment procedures of all services shown on this page.\",\"breadcrumb\":{\"@id\":\"https:\\\/\\\/rentalsdubrovnik.com\\\/terms-and-conditions\\\/#breadcrumb\"},\"inLanguage\":\"hr\",\"potentialAction\":[{\"@type\":\"ReadAction\",\"target\":[\"https:\\\/\\\/rentalsdubrovnik.com\\\/terms-and-conditions\\\/\"]}]},{\"@type\":\"BreadcrumbList\",\"@id\":\"https:\\\/\\\/rentalsdubrovnik.com\\\/terms-and-conditions\\\/#breadcrumb\",\"itemListElement\":[{\"@type\":\"ListItem\",\"position\":1,\"name\":\"Home\",\"item\":\"https:\\\/\\\/rentalsdubrovnik.com\\\/\"},{\"@type\":\"ListItem\",\"position\":2,\"name\":\"Terms &#038; Condition\"}]},{\"@type\":\"WebSite\",\"@id\":\"https:\\\/\\\/rentalsdubrovnik.com\\\/#website\",\"url\":\"https:\\\/\\\/rentalsdubrovnik.com\\\/\",\"name\":\"Rentals Dubrovnik d.o.o.\",\"description\":\"Property management | Booking | Car rental | Boat rental | Check in - Check out | Cleaning | Tours in Croatia, Montenegro and Bosnia and Herzegovina |\",\"publisher\":{\"@id\":\"https:\\\/\\\/rentalsdubrovnik.com\\\/#organization\"},\"potentialAction\":[{\"@type\":\"SearchAction\",\"target\":{\"@type\":\"EntryPoint\",\"urlTemplate\":\"https:\\\/\\\/rentalsdubrovnik.com\\\/?s={search_term_string}\"},\"query-input\":{\"@type\":\"PropertyValueSpecification\",\"valueRequired\":true,\"valueName\":\"search_term_string\"}}],\"inLanguage\":\"hr\"},{\"@type\":\"Organization\",\"@id\":\"https:\\\/\\\/rentalsdubrovnik.com\\\/#organization\",\"name\":\"Rentals Dubrovnik d.o.o.\",\"alternateName\":\"Dubrovnik Rentals\",\"url\":\"https:\\\/\\\/rentalsdubrovnik.com\\\/\",\"logo\":{\"@type\":\"ImageObject\",\"inLanguage\":\"hr\",\"@id\":\"https:\\\/\\\/rentalsdubrovnik.com\\\/#\\\/schema\\\/logo\\\/image\\\/\",\"url\":\"https:\\\/\\\/rentalsdubrovnik.com\\\/wp-content\\\/uploads\\\/2022\\\/05\\\/Rentals-zlatno-plavi.png\",\"contentUrl\":\"https:\\\/\\\/rentalsdubrovnik.com\\\/wp-content\\\/uploads\\\/2022\\\/05\\\/Rentals-zlatno-plavi.png\",\"width\":500,\"height\":193,\"caption\":\"Rentals Dubrovnik d.o.o.\"},\"image\":{\"@id\":\"https:\\\/\\\/rentalsdubrovnik.com\\\/#\\\/schema\\\/logo\\\/image\\\/\"},\"sameAs\":[\"https:\\\/\\\/www.facebook.com\\\/rentalsdubrovnik\\\/\",\"https:\\\/\\\/www.instagram.com\\\/rentalsdubrovnik\\\/?hl=en\"]}]}<\/script>\n<!-- \/ Yoast SEO plugin. -->","yoast_head_json":{"title":"Terms & Condition - Rentals Dubrovnik d.o.o.","description":"The following Terms& Conditions apply to all bookings, purchases, orders, and payment procedures of all services shown on this page.","robots":{"index":"index","follow":"follow","max-snippet":"max-snippet:-1","max-image-preview":"max-image-preview:large","max-video-preview":"max-video-preview:-1"},"canonical":"https:\/\/rentalsdubrovnik.com\/hr\/terms-and-conditions\/","og_locale":"hr_HR","og_type":"article","og_title":"Terms & Condition - Rentals Dubrovnik d.o.o.","og_description":"The following Terms& Conditions apply to all bookings, purchases, orders, and payment procedures of all services shown on this page.","og_url":"https:\/\/rentalsdubrovnik.com\/hr\/terms-and-conditions\/","og_site_name":"Rentals Dubrovnik d.o.o.","article_publisher":"https:\/\/www.facebook.com\/rentalsdubrovnik\/","article_modified_time":"2023-04-17T18:55:32+00:00","og_image":[{"width":200,"height":200,"url":"https:\/\/rentalsdubrovnik.com\/wp-content\/uploads\/2022\/08\/Rentals-zlatni-e1669948181468.png","type":"image\/png"}],"twitter_card":"summary_large_image","twitter_misc":{"Procijenjeno vrijeme \u010ditanja":"4 minute"},"schema":{"@context":"https:\/\/schema.org","@graph":[{"@type":"WebPage","@id":"https:\/\/rentalsdubrovnik.com\/terms-and-conditions\/","url":"https:\/\/rentalsdubrovnik.com\/terms-and-conditions\/","name":"Terms & Condition - Rentals Dubrovnik d.o.o.","isPartOf":{"@id":"https:\/\/rentalsdubrovnik.com\/#website"},"datePublished":"2022-05-22T22:25:20+00:00","dateModified":"2023-04-17T18:55:32+00:00","description":"The following Terms& Conditions apply to all bookings, purchases, orders, and payment procedures of all services shown on this page.","breadcrumb":{"@id":"https:\/\/rentalsdubrovnik.com\/terms-and-conditions\/#breadcrumb"},"inLanguage":"hr","potentialAction":[{"@type":"ReadAction","target":["https:\/\/rentalsdubrovnik.com\/terms-and-conditions\/"]}]},{"@type":"BreadcrumbList","@id":"https:\/\/rentalsdubrovnik.com\/terms-and-conditions\/#breadcrumb","itemListElement":[{"@type":"ListItem","position":1,"name":"Home","item":"https:\/\/rentalsdubrovnik.com\/"},{"@type":"ListItem","position":2,"name":"Terms &#038; Condition"}]},{"@type":"WebSite","@id":"https:\/\/rentalsdubrovnik.com\/#website","url":"https:\/\/rentalsdubrovnik.com\/","name":"Rentals Dubrovnik d.o.o.","description":"Property management | Booking | Car rental | Boat rental | Check in - Check out | Cleaning | Tours in Croatia, Montenegro and Bosnia and Herzegovina |","publisher":{"@id":"https:\/\/rentalsdubrovnik.com\/#organization"},"potentialAction":[{"@type":"SearchAction","target":{"@type":"EntryPoint","urlTemplate":"https:\/\/rentalsdubrovnik.com\/?s={search_term_string}"},"query-input":{"@type":"PropertyValueSpecification","valueRequired":true,"valueName":"search_term_string"}}],"inLanguage":"hr"},{"@type":"Organization","@id":"https:\/\/rentalsdubrovnik.com\/#organization","name":"Rentals Dubrovnik d.o.o.","alternateName":"Dubrovnik Rentals","url":"https:\/\/rentalsdubrovnik.com\/","logo":{"@type":"ImageObject","inLanguage":"hr","@id":"https:\/\/rentalsdubrovnik.com\/#\/schema\/logo\/image\/","url":"https:\/\/rentalsdubrovnik.com\/wp-content\/uploads\/2022\/05\/Rentals-zlatno-plavi.png","contentUrl":"https:\/\/rentalsdubrovnik.com\/wp-content\/uploads\/2022\/05\/Rentals-zlatno-plavi.png","width":500,"height":193,"caption":"Rentals Dubrovnik d.o.o."},"image":{"@id":"https:\/\/rentalsdubrovnik.com\/#\/schema\/logo\/image\/"},"sameAs":["https:\/\/www.facebook.com\/rentalsdubrovnik\/","https:\/\/www.instagram.com\/rentalsdubrovnik\/?hl=en"]}]}},"_links":{"self":[{"href":"https:\/\/rentalsdubrovnik.com\/hr\/wp-json\/wp\/v2\/pages\/5891","targetHints":{"allow":["GET"]}}],"collection":[{"href":"https:\/\/rentalsdubrovnik.com\/hr\/wp-json\/wp\/v2\/pages"}],"about":[{"href":"https:\/\/rentalsdubrovnik.com\/hr\/wp-json\/wp\/v2\/types\/page"}],"author":[{"embeddable":true,"href":"https:\/\/rentalsdubrovnik.com\/hr\/wp-json\/wp\/v2\/users\/3"}],"replies":[{"embeddable":true,"href":"https:\/\/rentalsdubrovnik.com\/hr\/wp-json\/wp\/v2\/comments?post=5891"}],"version-history":[{"count":4,"href":"https:\/\/rentalsdubrovnik.com\/hr\/wp-json\/wp\/v2\/pages\/5891\/revisions"}],"predecessor-version":[{"id":10794,"href":"https:\/\/rentalsdubrovnik.com\/hr\/wp-json\/wp\/v2\/pages\/5891\/revisions\/10794"}],"wp:attachment":[{"href":"https:\/\/rentalsdubrovnik.com\/hr\/wp-json\/wp\/v2\/media?parent=5891"}],"curies":[{"name":"wp","href":"https:\/\/api.w.org\/{rel}","templated":true}]}}