{"id":3351,"date":"2022-03-18T23:47:17","date_gmt":"2022-03-18T23:47:17","guid":{"rendered":"https:\/\/rentalsdubrovnik.com\/?page_id=3351"},"modified":"2023-04-17T20:29:00","modified_gmt":"2023-04-17T18:29:00","slug":"luxury","status":"publish","type":"page","link":"https:\/\/rentalsdubrovnik.com\/hr\/luxury\/","title":{"rendered":"Luksuzno"},"content":{"rendered":"<section class=\"wpb-content-wrapper\">\t\t\n\t\t<div class=\"vc_row wpb_row vc_row-fluid vc_row-5ef5ebf9ad15c\">\t\t\n\t\t<div class=\"wpb_column vc_column_container vc_col-sm-12 vc_column_container-69f262adeccf2\"><div class=\"vc_column-inner\"><div class=\"wpb_wrapper\">      <div class=\"heading-block heading-62350d11468c1 tal h-h4\">\n                  <h4 class=\"h\">Potra\u017eite raspolo\u017eivi smje\u0161taj<\/h4>\n              <\/div>\n        <form method=\"GET\" class=\"appartment-search-form mphb_sc_search-form\" action=\"https:\/\/rentalsdubrovnik.com\/hr\/search-results\/\" data-trp-original-action=\"https:\/\/rentalsdubrovnik.com\/hr\/search-results\/\">\n\n      <div class=\"mphb_sc_search-label mphb_sc_search-dates-label\">datumi:<\/div>\n\n      <div class=\"mphb_sc_search-check-in-date\">\n        <div class=\"date-input\">\n          <i class=\"base-icon-calendar\"><\/i>\n          <input\n            id=\"mphb_check_in_date-62350cb4ef176\"\n            data-datepick-group=\"62350cb4ef176\"\n            value=\"\"\n            placeholder=\"Prijava\"\n            required=\"required\"\n            type=\"text\"\n            name=\"mphb_check_in_date\"\n            class=\"mphb-datepick\"\n            autocomplete=\"off\"\n            \/>\n        <\/div>\n      <\/div>\n\n      <div class=\"mphb_sc_search-check-out-date\">\n        <div class=\"date-input\">\n          <i class=\"base-icon-calendar\"><\/i>\n          <input\n            id=\"mphb_check_out_date-62350cb4ef176\"\n            data-datepick-group=\"62350cb4ef176\"\n            value=\"\"\n            placeholder=\"Provjeri\"\n            required=\"required\"\n            type=\"text\"\n            name=\"mphb_check_out_date\"\n            class=\"mphb-datepick\"\n            autocomplete=\"off\"\n            \/>\n        <\/div>\n      <\/div>\n\n      <div class=\"mphb_sc_search-label mphb_sc_search-guests-label\">Gosti:<\/div>\n\n      <div class=\"mphb_sc_search-guests\">\n        <div class=\"row\">\n                    <div class=\"col-6 mphb_sc_search-adults\">\n            <div class=\"number-input\">\n              <i class=\"base-icon-account\"><\/i>\n              <div class=\"label\">Odrasle osobe<\/div>\n              <input type=\"number\" id=\"mphb_adults-62350cb4ef176\" name=\"mphb_adults\" min=\"1\" max=\"30\" value=\"1\" placeholder=\"Odrasle osobe\">\n              <div class=\"b\">\n                <div class=\"plus\"><\/div>\n                <div class=\"minus\"><\/div>\n              <\/div>\n            <\/div>\n          <\/div>\n          \n                    <div class=\"col-6 mphb_sc_search-children\">\n            <div class=\"number-input\">\n              <i class=\"base-icon-child\"><\/i>\n              <div class=\"label\">Dijete<\/div>\n              <input type=\"number\" id=\"mphb_children-62350cb4ef176\" name=\"mphb_children\" min=\"0\" max=\"10\" value=\"0\" placeholder=\"djeca\">\n              <div class=\"b\">\n                <div class=\"plus\"><\/div>\n                <div class=\"minus\"><\/div>\n              <\/div>\n            <\/div>\n          <\/div>\n                  <\/div>\n      <\/div>\n\n      <input id=\"mphb_check_in_date--hidden\" value=\"\" type=\"hidden\" name=\"mphb_check_in_date\" \/><input id=\"mphb_check_out_date--hidden\" value=\"\" type=\"hidden\" name=\"mphb_check_out_date\" \/><input id=\"mphb_check_in_date-62350cb4ef176-hidden\" value=\"\" type=\"hidden\" name=\"mphb_check_in_date\" \/><input id=\"mphb_check_out_date-62350cb4ef176-hidden\" value=\"\" type=\"hidden\" name=\"mphb_check_out_date\" \/>\n      <div class=\"mphb_sc_search-submit-button-wrapper\">\n        <input type=\"submit\" class=\"button\" value=\"Rezervirajte sada\"\/>\n      <\/div>\n\n      \n    <input type=\"hidden\" name=\"trp-form-language\" value=\"hr\"\/><\/form>\n    <div class=\"vc_empty_space\"   style=\"height: 60px\"><span class=\"vc_empty_space_inner\"><\/span><\/div><\/div><\/div><\/div><\/div>\n<\/section>","protected":false},"excerpt":{"rendered":"Pretraga slobodnih termina za smje\u0161taj: Gosti: Odrasli Dijete","protected":false},"author":3,"featured_media":0,"parent":0,"menu_order":0,"comment_status":"closed","ping_status":"closed","template":"","meta":{"footnotes":""},"class_list":["post-3351","page","type-page","status-publish","hentry"],"yoast_head":"<!-- This site is optimized with the Yoast SEO plugin v27.5 - https:\/\/yoast.com\/product\/yoast-seo-wordpress\/ -->\n<title>Luxury - Rentals Dubrovnik d.o.o.<\/title>\n<meta name=\"description\" content=\"Search for available Luxury accomodation.\" \/>\n<meta name=\"robots\" content=\"index, follow, max-snippet:-1, max-image-preview:large, max-video-preview:-1\" \/>\n<link rel=\"canonical\" href=\"https:\/\/rentalsdubrovnik.com\/hr\/luxury\/\" \/>\n<meta property=\"og:locale\" content=\"hr_HR\" \/>\n<meta property=\"og:type\" content=\"article\" \/>\n<meta property=\"og:title\" content=\"Luxury - Rentals Dubrovnik d.o.o.\" \/>\n<meta property=\"og:description\" content=\"Search for available Luxury accomodation.\" \/>\n<meta property=\"og:url\" content=\"https:\/\/rentalsdubrovnik.com\/hr\/luxury\/\" \/>\n<meta property=\"og:site_name\" content=\"Rentals Dubrovnik d.o.o.\" \/>\n<meta property=\"article:publisher\" content=\"https:\/\/www.facebook.com\/rentalsdubrovnik\/\" \/>\n<meta property=\"article:modified_time\" content=\"2023-04-17T18:29:00+00:00\" \/>\n<meta property=\"og:image\" content=\"https:\/\/rentalsdubrovnik.com\/wp-content\/uploads\/2022\/08\/Rentals-zlatni-e1669948181468.png\" \/>\n\t<meta property=\"og:image:width\" content=\"200\" \/>\n\t<meta property=\"og:image:height\" content=\"200\" \/>\n\t<meta property=\"og:image:type\" content=\"image\/png\" \/>\n<meta name=\"twitter:card\" content=\"summary_large_image\" \/>\n<meta name=\"twitter:label1\" content=\"Procijenjeno vrijeme \u010ditanja\" \/>\n\t<meta name=\"twitter:data1\" content=\"1 minuta\" \/>\n<script type=\"application\/ld+json\" class=\"yoast-schema-graph\">{\"@context\":\"https:\\\/\\\/schema.org\",\"@graph\":[{\"@type\":\"WebPage\",\"@id\":\"https:\\\/\\\/rentalsdubrovnik.com\\\/luxury\\\/\",\"url\":\"https:\\\/\\\/rentalsdubrovnik.com\\\/luxury\\\/\",\"name\":\"Luxury - Rentals Dubrovnik d.o.o.\",\"isPartOf\":{\"@id\":\"https:\\\/\\\/rentalsdubrovnik.com\\\/#website\"},\"datePublished\":\"2022-03-18T23:47:17+00:00\",\"dateModified\":\"2023-04-17T18:29:00+00:00\",\"description\":\"Search for available Luxury accomodation.\",\"breadcrumb\":{\"@id\":\"https:\\\/\\\/rentalsdubrovnik.com\\\/luxury\\\/#breadcrumb\"},\"inLanguage\":\"hr\",\"potentialAction\":[{\"@type\":\"ReadAction\",\"target\":[\"https:\\\/\\\/rentalsdubrovnik.com\\\/luxury\\\/\"]}]},{\"@type\":\"BreadcrumbList\",\"@id\":\"https:\\\/\\\/rentalsdubrovnik.com\\\/luxury\\\/#breadcrumb\",\"itemListElement\":[{\"@type\":\"ListItem\",\"position\":1,\"name\":\"Home\",\"item\":\"https:\\\/\\\/rentalsdubrovnik.com\\\/\"},{\"@type\":\"ListItem\",\"position\":2,\"name\":\"Luxury\"}]},{\"@type\":\"WebSite\",\"@id\":\"https:\\\/\\\/rentalsdubrovnik.com\\\/#website\",\"url\":\"https:\\\/\\\/rentalsdubrovnik.com\\\/\",\"name\":\"Rentals Dubrovnik d.o.o.\",\"description\":\"Property management | Booking | Car rental | Boat rental | Check in - Check out | Cleaning | Tours in Croatia, Montenegro and Bosnia and Herzegovina |\",\"publisher\":{\"@id\":\"https:\\\/\\\/rentalsdubrovnik.com\\\/#organization\"},\"potentialAction\":[{\"@type\":\"SearchAction\",\"target\":{\"@type\":\"EntryPoint\",\"urlTemplate\":\"https:\\\/\\\/rentalsdubrovnik.com\\\/?s={search_term_string}\"},\"query-input\":{\"@type\":\"PropertyValueSpecification\",\"valueRequired\":true,\"valueName\":\"search_term_string\"}}],\"inLanguage\":\"hr\"},{\"@type\":\"Organization\",\"@id\":\"https:\\\/\\\/rentalsdubrovnik.com\\\/#organization\",\"name\":\"Rentals Dubrovnik d.o.o.\",\"alternateName\":\"Dubrovnik Rentals\",\"url\":\"https:\\\/\\\/rentalsdubrovnik.com\\\/\",\"logo\":{\"@type\":\"ImageObject\",\"inLanguage\":\"hr\",\"@id\":\"https:\\\/\\\/rentalsdubrovnik.com\\\/#\\\/schema\\\/logo\\\/image\\\/\",\"url\":\"https:\\\/\\\/rentalsdubrovnik.com\\\/wp-content\\\/uploads\\\/2022\\\/05\\\/Rentals-zlatno-plavi.png\",\"contentUrl\":\"https:\\\/\\\/rentalsdubrovnik.com\\\/wp-content\\\/uploads\\\/2022\\\/05\\\/Rentals-zlatno-plavi.png\",\"width\":500,\"height\":193,\"caption\":\"Rentals Dubrovnik d.o.o.\"},\"image\":{\"@id\":\"https:\\\/\\\/rentalsdubrovnik.com\\\/#\\\/schema\\\/logo\\\/image\\\/\"},\"sameAs\":[\"https:\\\/\\\/www.facebook.com\\\/rentalsdubrovnik\\\/\",\"https:\\\/\\\/www.instagram.com\\\/rentalsdubrovnik\\\/?hl=en\"]}]}<\/script>\n<!-- \/ Yoast SEO plugin. -->","yoast_head_json":{"title":"Luxury - Rentals Dubrovnik d.o.o.","description":"Search for available Luxury accomodation.","robots":{"index":"index","follow":"follow","max-snippet":"max-snippet:-1","max-image-preview":"max-image-preview:large","max-video-preview":"max-video-preview:-1"},"canonical":"https:\/\/rentalsdubrovnik.com\/hr\/luxury\/","og_locale":"hr_HR","og_type":"article","og_title":"Luxury - Rentals Dubrovnik d.o.o.","og_description":"Search for available Luxury accomodation.","og_url":"https:\/\/rentalsdubrovnik.com\/hr\/luxury\/","og_site_name":"Rentals Dubrovnik d.o.o.","article_publisher":"https:\/\/www.facebook.com\/rentalsdubrovnik\/","article_modified_time":"2023-04-17T18:29:00+00:00","og_image":[{"width":200,"height":200,"url":"https:\/\/rentalsdubrovnik.com\/wp-content\/uploads\/2022\/08\/Rentals-zlatni-e1669948181468.png","type":"image\/png"}],"twitter_card":"summary_large_image","twitter_misc":{"Procijenjeno vrijeme \u010ditanja":"1 minuta"},"schema":{"@context":"https:\/\/schema.org","@graph":[{"@type":"WebPage","@id":"https:\/\/rentalsdubrovnik.com\/luxury\/","url":"https:\/\/rentalsdubrovnik.com\/luxury\/","name":"Luxury - Rentals Dubrovnik d.o.o.","isPartOf":{"@id":"https:\/\/rentalsdubrovnik.com\/#website"},"datePublished":"2022-03-18T23:47:17+00:00","dateModified":"2023-04-17T18:29:00+00:00","description":"Search for available Luxury accomodation.","breadcrumb":{"@id":"https:\/\/rentalsdubrovnik.com\/luxury\/#breadcrumb"},"inLanguage":"hr","potentialAction":[{"@type":"ReadAction","target":["https:\/\/rentalsdubrovnik.com\/luxury\/"]}]},{"@type":"BreadcrumbList","@id":"https:\/\/rentalsdubrovnik.com\/luxury\/#breadcrumb","itemListElement":[{"@type":"ListItem","position":1,"name":"Home","item":"https:\/\/rentalsdubrovnik.com\/"},{"@type":"ListItem","position":2,"name":"Luxury"}]},{"@type":"WebSite","@id":"https:\/\/rentalsdubrovnik.com\/#website","url":"https:\/\/rentalsdubrovnik.com\/","name":"Rentals Dubrovnik d.o.o.","description":"Property management | Booking | Car rental | Boat rental | Check in - Check out | Cleaning | Tours in Croatia, Montenegro and Bosnia and Herzegovina |","publisher":{"@id":"https:\/\/rentalsdubrovnik.com\/#organization"},"potentialAction":[{"@type":"SearchAction","target":{"@type":"EntryPoint","urlTemplate":"https:\/\/rentalsdubrovnik.com\/?s={search_term_string}"},"query-input":{"@type":"PropertyValueSpecification","valueRequired":true,"valueName":"search_term_string"}}],"inLanguage":"hr"},{"@type":"Organization","@id":"https:\/\/rentalsdubrovnik.com\/#organization","name":"Rentals Dubrovnik d.o.o.","alternateName":"Dubrovnik Rentals","url":"https:\/\/rentalsdubrovnik.com\/","logo":{"@type":"ImageObject","inLanguage":"hr","@id":"https:\/\/rentalsdubrovnik.com\/#\/schema\/logo\/image\/","url":"https:\/\/rentalsdubrovnik.com\/wp-content\/uploads\/2022\/05\/Rentals-zlatno-plavi.png","contentUrl":"https:\/\/rentalsdubrovnik.com\/wp-content\/uploads\/2022\/05\/Rentals-zlatno-plavi.png","width":500,"height":193,"caption":"Rentals Dubrovnik d.o.o."},"image":{"@id":"https:\/\/rentalsdubrovnik.com\/#\/schema\/logo\/image\/"},"sameAs":["https:\/\/www.facebook.com\/rentalsdubrovnik\/","https:\/\/www.instagram.com\/rentalsdubrovnik\/?hl=en"]}]}},"_links":{"self":[{"href":"https:\/\/rentalsdubrovnik.com\/hr\/wp-json\/wp\/v2\/pages\/3351","targetHints":{"allow":["GET"]}}],"collection":[{"href":"https:\/\/rentalsdubrovnik.com\/hr\/wp-json\/wp\/v2\/pages"}],"about":[{"href":"https:\/\/rentalsdubrovnik.com\/hr\/wp-json\/wp\/v2\/types\/page"}],"author":[{"embeddable":true,"href":"https:\/\/rentalsdubrovnik.com\/hr\/wp-json\/wp\/v2\/users\/3"}],"replies":[{"embeddable":true,"href":"https:\/\/rentalsdubrovnik.com\/hr\/wp-json\/wp\/v2\/comments?post=3351"}],"version-history":[{"count":5,"href":"https:\/\/rentalsdubrovnik.com\/hr\/wp-json\/wp\/v2\/pages\/3351\/revisions"}],"predecessor-version":[{"id":6466,"href":"https:\/\/rentalsdubrovnik.com\/hr\/wp-json\/wp\/v2\/pages\/3351\/revisions\/6466"}],"wp:attachment":[{"href":"https:\/\/rentalsdubrovnik.com\/hr\/wp-json\/wp\/v2\/media?parent=3351"}],"curies":[{"name":"wp","href":"https:\/\/api.w.org\/{rel}","templated":true}]}}